

{"id":3329,"date":"2021-06-09T09:20:55","date_gmt":"2021-06-09T07:20:55","guid":{"rendered":"http:\/\/www.divagoitalia.it\/poltrone\/"},"modified":"2021-11-10T10:03:08","modified_gmt":"2021-11-10T09:03:08","slug":"poltrone","status":"publish","type":"page","link":"https:\/\/www.divagoitalia.it\/fr\/poltrone\/","title":{"rendered":"Poltrone"},"content":{"rendered":"\t\t<div data-elementor-type=\"wp-page\" data-elementor-id=\"3329\" class=\"elementor elementor-3329 elementor-1818\" data-elementor-post-type=\"page\">\n\t\t\t\t\t\t<section class=\"elementor-section elementor-top-section elementor-element elementor-element-b08418f elementor-section-full_width elementor-section-height-default elementor-section-height-default\" data-id=\"b08418f\" data-element_type=\"section\" data-settings=\"{&quot;background_background&quot;:&quot;classic&quot;}\">\n\t\t\t\t\t\t<div class=\"elementor-container elementor-column-gap-extended\">\n\t\t\t\t\t<div class=\"elementor-column elementor-col-100 elementor-top-column elementor-element elementor-element-08800e2\" data-id=\"08800e2\" data-element_type=\"column\">\n\t\t\t<div class=\"elementor-widget-wrap elementor-element-populated\">\n\t\t\t\t\t\t<div class=\"elementor-element elementor-element-92551a5 elementor-widget elementor-widget-arrigo-widget-masthead-intro\" data-id=\"92551a5\" data-element_type=\"widget\" data-widget_type=\"arrigo-widget-masthead-intro.default\">\n\t\t\t\t<div class=\"elementor-widget-container\">\n\t\t\t\t\t\n\t\t<div class=\"section section-intro section-intro_light section_pt section_pb\" data-os-animation=\"force\">\n\t\t\t<div class=\"section__inner\">\n\t\t\t\t<div class=\"container\">\n\t\t\t\t\t<div class=\"row\">\n\t\t\t\t\t\t<div class=\"col-12\">\n\t\t\t\t\t\t\t\t\t\t\t\t\t\t\t\t\t\t\t\t\t\t<h1 > <span class=\"highlight\">Fauteuils<span class=\"highlight__bg\"><\/span><\/span> <br>Des id\u00e9es originales rencontrent des mains habiles et donnent vie \u00e0 des objets de caract\u00e8re, cr\u00e9\u00e9s pour \u00eatre les protagonistes du salon.\n<\/h1>\n\t\t\t\t\t\t\t\t\t\t\t\t\t\t\t\t\t\t\t\t<\/div>\n\t\t\t\t\t<\/div>\n\t\t\t\t<\/div>\n\t\t\t<\/div>\n\t\t\t\t\t<\/div>\n\n\t\t\t\t\t\t<\/div>\n\t\t\t\t<\/div>\n\t\t\t\t\t<\/div>\n\t\t<\/div>\n\t\t\t\t\t<\/div>\n\t\t<\/section>\n\t\t\t\t<section class=\"elementor-section elementor-top-section elementor-element elementor-element-dbb05e6 elementor-section-boxed elementor-section-height-default elementor-section-height-default\" data-id=\"dbb05e6\" data-element_type=\"section\">\n\t\t\t\t\t\t<div class=\"elementor-container elementor-column-gap-no\">\n\t\t\t\t\t<div class=\"elementor-column elementor-col-100 elementor-top-column elementor-element elementor-element-6351d6f\" data-id=\"6351d6f\" data-element_type=\"column\">\n\t\t\t<div class=\"elementor-widget-wrap elementor-element-populated\">\n\t\t\t\t\t\t<div class=\"elementor-element elementor-element-c1f6749 elementor-widget elementor-widget-arrigo-widget-portfolio-grid-irregular\" data-id=\"c1f6749\" data-element_type=\"widget\" data-widget_type=\"arrigo-widget-portfolio-grid-irregular.default\">\n\t\t\t\t<div class=\"elementor-widget-container\">\n\t\t\t\t\t\n\t\t\t\t\t<div class=\"container\">\n\t\t\t\t\t\t\t\t\t\t\t\t\t\t<div class=\"section-portfolio__wrapper-item\">\n\t\t\t\t\t\t<div class=\"row figure-portfolio justify-content-start figure-portfolio_horizontal figure-portfolio_left\" data-os-animation=\"\">\n\t\t\t\t\t\t\t<a class=\"figure-portfolio__link col col-lg-10\" href=\"https:\/\/www.divagoitalia.it\/fr\/prodotti\/cleopatra\/\">\n\t\t\t\t\t\t\t\t\t\t\t\t\t\t\t\t\t<div class=\"figure-portfolio__wrapper-img overflow\">\n\t\t\t\t\t\t\t\t\t\t\t\t\t\t\t\t\t\t\t\t\t<div class=\"overflow__curtain bg-accent\"><\/div>\n\t\t\t\t\t\t\t\t\t\t\t<div class=\"overflow__content\">\n\t\t\t\t\t\t\t\t\t\t\t\t\t\t\t\t\t\t\t\t\t\t\t\t<div class=\" lazy\"  style=\"padding-bottom: calc( (1280 \/ 1920) * 100% ); height: 0;\">\n\t\t\t\t\t\t\t\t\t\t\t\t\t\t\t\t\t\t<img fetchpriority=\"high\" decoding=\"async\" class=\" of-cover\" src=\"data:image\/png;base64,iVBORw0KGgoAAAANSUhEUgAAAAEAAAABCAQAAAHCGzyUAAAABGdBTUEAALGPC\/xhBQAAADhlWElmTU0AKgAAAAgAAYdpAAQAAAABAAAAGgAAAAAAAqACAAQAAAABAAAAAaADAAQAAAABAAAAAQAAAADa6r\/EAAAAC0lEQVQI12NolQQAASYAn89qhTcAAAAASUVORK5CYII=\" data-src=\"https:\/\/www.divagoitalia.it\/wp-content\/uploads\/2021\/06\/Aerre-02141-montata-CA-1.jpg\" width=\"1920\" height=\"1280\" data-srcset=\"https:\/\/www.divagoitalia.it\/wp-content\/uploads\/2021\/06\/Aerre-02141-montata-CA-1.jpg 1920w, https:\/\/www.divagoitalia.it\/wp-content\/uploads\/2021\/06\/Aerre-02141-montata-CA-1-300x200.jpg 300w, https:\/\/www.divagoitalia.it\/wp-content\/uploads\/2021\/06\/Aerre-02141-montata-CA-1-1024x683.jpg 1024w, https:\/\/www.divagoitalia.it\/wp-content\/uploads\/2021\/06\/Aerre-02141-montata-CA-1-768x512.jpg 768w, https:\/\/www.divagoitalia.it\/wp-content\/uploads\/2021\/06\/Aerre-02141-montata-CA-1-1536x1024.jpg 1536w\" data-sizes=\"(max-width: 1920px) 100vw, 1920px\" alt=\"\"\/>\n\t\t\t\t\t\t\t\t\t\t\t\t\t\t<\/div>\n\t\t\t\t\t\t\t\t\t\t\t\t\t\t\t\t<\/div>\n\t\t\t\t\t\t\t\t\t\t\t\t\t\t\t\t\t\t\t<\/div>\n\t\t\t\t\t\t\t\t\t\t\t\t\t\t\t\t\t\t\t\t\t\t\t\t\t\t\t\t\t\t\t\t\t<header class=\"figure-portfolio__header\">\n\t\t\t\t\t\t\t\t\t\t<div class=\"figure-portfolio__headline\"><\/div>\n\t\t\t\t\t\t\t\t\t\t<h2>Cleopatra<\/h2>\n\t\t\t\t\t\t\t\t\t<\/header>\n\t\t\t\t\t\t\t\t\t\t\t\t\t\t\t<\/a>\n\t\t\t\t\t\t<\/div>\n\t\t\t\t\t<\/div>\n\t\t\t\t\t\t\t\t\t\t\t\t\t\t<div class=\"section-portfolio__wrapper-item\">\n\t\t\t\t\t\t<div class=\"row figure-portfolio justify-content-end figure-portfolio_horizontal figure-portfolio_right\" data-os-animation=\"\">\n\t\t\t\t\t\t\t<a class=\"figure-portfolio__link col col-lg-10\" href=\"https:\/\/www.divagoitalia.it\/fr\/prodotti\/dolce\/\">\n\t\t\t\t\t\t\t\t\t\t\t\t\t\t\t\t\t<div class=\"figure-portfolio__wrapper-img overflow\">\n\t\t\t\t\t\t\t\t\t\t\t\t\t\t\t\t\t\t\t\t\t<div class=\"overflow__curtain bg-accent\"><\/div>\n\t\t\t\t\t\t\t\t\t\t\t<div class=\"overflow__content\">\n\t\t\t\t\t\t\t\t\t\t\t\t\t\t\t\t\t\t\t\t\t\t\t\t<div class=\" lazy\"  style=\"padding-bottom: calc( (1500 \/ 1920) * 100% ); height: 0;\">\n\t\t\t\t\t\t\t\t\t\t\t\t\t\t\t\t\t\t<img decoding=\"async\" class=\" of-cover\" src=\"data:image\/png;base64,iVBORw0KGgoAAAANSUhEUgAAAAEAAAABCAQAAAHCGzyUAAAABGdBTUEAALGPC\/xhBQAAADhlWElmTU0AKgAAAAgAAYdpAAQAAAABAAAAGgAAAAAAAqACAAQAAAABAAAAAaADAAQAAAABAAAAAQAAAADa6r\/EAAAAC0lEQVQI12NolQQAASYAn89qhTcAAAAASUVORK5CYII=\" data-src=\"https:\/\/www.divagoitalia.it\/wp-content\/uploads\/2021\/06\/Aerre-02191-montata-CA-1.jpg\" width=\"1920\" height=\"1500\" data-srcset=\"https:\/\/www.divagoitalia.it\/wp-content\/uploads\/2021\/06\/Aerre-02191-montata-CA-1.jpg 1920w, https:\/\/www.divagoitalia.it\/wp-content\/uploads\/2021\/06\/Aerre-02191-montata-CA-1-300x234.jpg 300w, https:\/\/www.divagoitalia.it\/wp-content\/uploads\/2021\/06\/Aerre-02191-montata-CA-1-1024x800.jpg 1024w, https:\/\/www.divagoitalia.it\/wp-content\/uploads\/2021\/06\/Aerre-02191-montata-CA-1-768x600.jpg 768w, https:\/\/www.divagoitalia.it\/wp-content\/uploads\/2021\/06\/Aerre-02191-montata-CA-1-1536x1200.jpg 1536w\" data-sizes=\"(max-width: 1920px) 100vw, 1920px\" alt=\"\"\/>\n\t\t\t\t\t\t\t\t\t\t\t\t\t\t<\/div>\n\t\t\t\t\t\t\t\t\t\t\t\t\t\t\t\t<\/div>\n\t\t\t\t\t\t\t\t\t\t\t\t\t\t\t\t\t\t\t<\/div>\n\t\t\t\t\t\t\t\t\t\t\t\t\t\t\t\t\t\t\t\t\t\t\t\t\t\t\t\t\t\t\t\t\t<header class=\"figure-portfolio__header\">\n\t\t\t\t\t\t\t\t\t\t<div class=\"figure-portfolio__headline\"><\/div>\n\t\t\t\t\t\t\t\t\t\t<h2>Dolce<\/h2>\n\t\t\t\t\t\t\t\t\t<\/header>\n\t\t\t\t\t\t\t\t\t\t\t\t\t\t\t<\/a>\n\t\t\t\t\t\t<\/div>\n\t\t\t\t\t<\/div>\n\t\t\t\t\t\t\t\t\t\t\t\t\t\t<div class=\"section-portfolio__wrapper-item\">\n\t\t\t\t\t\t<div class=\"row figure-portfolio justify-content-start figure-portfolio_horizontal figure-portfolio_left\" data-os-animation=\"\">\n\t\t\t\t\t\t\t<a class=\"figure-portfolio__link col col-lg-10\" href=\"https:\/\/www.divagoitalia.it\/fr\/prodotti\/flora\/\">\n\t\t\t\t\t\t\t\t\t\t\t\t\t\t\t\t\t<div class=\"figure-portfolio__wrapper-img overflow\">\n\t\t\t\t\t\t\t\t\t\t\t\t\t\t\t\t\t\t\t\t\t<div class=\"overflow__curtain bg-accent\"><\/div>\n\t\t\t\t\t\t\t\t\t\t\t<div class=\"overflow__content\">\n\t\t\t\t\t\t\t\t\t\t\t\t\t\t\t\t\t\t\t\t\t\t\t\t<div class=\" lazy\"  style=\"padding-bottom: calc( (1600 \/ 1920) * 100% ); height: 0;\">\n\t\t\t\t\t\t\t\t\t\t\t\t\t\t\t\t\t\t<img decoding=\"async\" class=\" of-cover\" src=\"data:image\/png;base64,iVBORw0KGgoAAAANSUhEUgAAAAEAAAABCAQAAAHCGzyUAAAABGdBTUEAALGPC\/xhBQAAADhlWElmTU0AKgAAAAgAAYdpAAQAAAABAAAAGgAAAAAAAqACAAQAAAABAAAAAaADAAQAAAABAAAAAQAAAADa6r\/EAAAAC0lEQVQI12NolQQAASYAn89qhTcAAAAASUVORK5CYII=\" data-src=\"https:\/\/www.divagoitalia.it\/wp-content\/uploads\/2021\/06\/Aerre-02200_CA.jpg\" width=\"1920\" height=\"1600\" data-srcset=\"https:\/\/www.divagoitalia.it\/wp-content\/uploads\/2021\/06\/Aerre-02200_CA.jpg 1920w, https:\/\/www.divagoitalia.it\/wp-content\/uploads\/2021\/06\/Aerre-02200_CA-300x250.jpg 300w, https:\/\/www.divagoitalia.it\/wp-content\/uploads\/2021\/06\/Aerre-02200_CA-1024x853.jpg 1024w, https:\/\/www.divagoitalia.it\/wp-content\/uploads\/2021\/06\/Aerre-02200_CA-768x640.jpg 768w, https:\/\/www.divagoitalia.it\/wp-content\/uploads\/2021\/06\/Aerre-02200_CA-1536x1280.jpg 1536w\" data-sizes=\"(max-width: 1920px) 100vw, 1920px\" alt=\"\"\/>\n\t\t\t\t\t\t\t\t\t\t\t\t\t\t<\/div>\n\t\t\t\t\t\t\t\t\t\t\t\t\t\t\t\t<\/div>\n\t\t\t\t\t\t\t\t\t\t\t\t\t\t\t\t\t\t\t<\/div>\n\t\t\t\t\t\t\t\t\t\t\t\t\t\t\t\t\t\t\t\t\t\t\t\t\t\t\t\t\t\t\t\t\t<header class=\"figure-portfolio__header\">\n\t\t\t\t\t\t\t\t\t\t<div class=\"figure-portfolio__headline\"><\/div>\n\t\t\t\t\t\t\t\t\t\t<h2>Flora<\/h2>\n\t\t\t\t\t\t\t\t\t<\/header>\n\t\t\t\t\t\t\t\t\t\t\t\t\t\t\t<\/a>\n\t\t\t\t\t\t<\/div>\n\t\t\t\t\t<\/div>\n\t\t\t\t\t\t\t\t\t\t\t\t\t\t<div class=\"section-portfolio__wrapper-item\">\n\t\t\t\t\t\t<div class=\"row figure-portfolio justify-content-end figure-portfolio_horizontal figure-portfolio_right\" data-os-animation=\"\">\n\t\t\t\t\t\t\t<a class=\"figure-portfolio__link col col-lg-10\" href=\"https:\/\/www.divagoitalia.it\/fr\/prodotti\/gio\/\">\n\t\t\t\t\t\t\t\t\t\t\t\t\t\t\t\t\t<div class=\"figure-portfolio__wrapper-img overflow\">\n\t\t\t\t\t\t\t\t\t\t\t\t\t\t\t\t\t\t\t\t\t<div class=\"overflow__curtain bg-accent\"><\/div>\n\t\t\t\t\t\t\t\t\t\t\t<div class=\"overflow__content\">\n\t\t\t\t\t\t\t\t\t\t\t\t\t\t\t\t\t\t\t\t\t\t\t\t<div class=\" lazy\"  style=\"padding-bottom: calc( (1500 \/ 1920) * 100% ); height: 0;\">\n\t\t\t\t\t\t\t\t\t\t\t\t\t\t\t\t\t\t<img loading=\"lazy\" decoding=\"async\" class=\" of-cover\" src=\"data:image\/png;base64,iVBORw0KGgoAAAANSUhEUgAAAAEAAAABCAQAAAHCGzyUAAAABGdBTUEAALGPC\/xhBQAAADhlWElmTU0AKgAAAAgAAYdpAAQAAAABAAAAGgAAAAAAAqACAAQAAAABAAAAAaADAAQAAAABAAAAAQAAAADa6r\/EAAAAC0lEQVQI12NolQQAASYAn89qhTcAAAAASUVORK5CYII=\" data-src=\"https:\/\/www.divagoitalia.it\/wp-content\/uploads\/2021\/06\/Aerre-02147-montata-CA.jpg\" width=\"1920\" height=\"1500\" data-srcset=\"https:\/\/www.divagoitalia.it\/wp-content\/uploads\/2021\/06\/Aerre-02147-montata-CA.jpg 1920w, https:\/\/www.divagoitalia.it\/wp-content\/uploads\/2021\/06\/Aerre-02147-montata-CA-300x234.jpg 300w, https:\/\/www.divagoitalia.it\/wp-content\/uploads\/2021\/06\/Aerre-02147-montata-CA-1024x800.jpg 1024w, https:\/\/www.divagoitalia.it\/wp-content\/uploads\/2021\/06\/Aerre-02147-montata-CA-768x600.jpg 768w, https:\/\/www.divagoitalia.it\/wp-content\/uploads\/2021\/06\/Aerre-02147-montata-CA-1536x1200.jpg 1536w\" data-sizes=\"(max-width: 1920px) 100vw, 1920px\" alt=\"\"\/>\n\t\t\t\t\t\t\t\t\t\t\t\t\t\t<\/div>\n\t\t\t\t\t\t\t\t\t\t\t\t\t\t\t\t<\/div>\n\t\t\t\t\t\t\t\t\t\t\t\t\t\t\t\t\t\t\t<\/div>\n\t\t\t\t\t\t\t\t\t\t\t\t\t\t\t\t\t\t\t\t\t\t\t\t\t\t\t\t\t\t\t\t\t<header class=\"figure-portfolio__header\">\n\t\t\t\t\t\t\t\t\t\t<div class=\"figure-portfolio__headline\"><\/div>\n\t\t\t\t\t\t\t\t\t\t<h2>Gi\u00f2<\/h2>\n\t\t\t\t\t\t\t\t\t<\/header>\n\t\t\t\t\t\t\t\t\t\t\t\t\t\t\t<\/a>\n\t\t\t\t\t\t<\/div>\n\t\t\t\t\t<\/div>\n\t\t\t\t\t\t\t<\/div>\n\t\t\n\t\t\t\t\t\t<\/div>\n\t\t\t\t<\/div>\n\t\t\t\t\t<\/div>\n\t\t<\/div>\n\t\t\t\t\t<\/div>\n\t\t<\/section>\n\t\t\t\t<section class=\"elementor-section elementor-top-section elementor-element elementor-element-e1d90a6 elementor-section-full_width elementor-section-height-default elementor-section-height-default\" data-id=\"e1d90a6\" data-element_type=\"section\">\n\t\t\t\t\t\t<div class=\"elementor-container elementor-column-gap-no\">\n\t\t\t\t\t<div class=\"elementor-column elementor-col-100 elementor-top-column elementor-element elementor-element-62d3b8f\" data-id=\"62d3b8f\" data-element_type=\"column\">\n\t\t\t<div class=\"elementor-widget-wrap elementor-element-populated\">\n\t\t\t\t\t\t<div class=\"elementor-element elementor-element-0515681 elementor-widget elementor-widget-arrigo-widget-cta\" data-id=\"0515681\" data-element_type=\"widget\" data-widget_type=\"arrigo-widget-cta.default\">\n\t\t\t\t<div class=\"elementor-widget-container\">\n\t\t\t\t\t\t\t<div class=\"section section-cta no\" data-os-animation=\"\">\n\t\t\t<div class=\"section__inner\">\n\t\t\t\t\t\t\t\t\t<div class=\"col section-cta__bg col-lg-6\">\n\t\t\t\t\t\t\t\t\t\t\t\t\t\t\t\t\t\t<div class=\" lazy-bg\" >\n\t\t\t\t\t\t\t\t\t\t\t\t\t\t\t\t\t\t<img decoding=\"async\" class=\"jarallax-img of-contain of-cover\" src=\"data:image\/png;base64,iVBORw0KGgoAAAANSUhEUgAAAAEAAAABCAQAAAHCGzyUAAAABGdBTUEAALGPC\/xhBQAAADhlWElmTU0AKgAAAAgAAYdpAAQAAAABAAAAGgAAAAAAAqACAAQAAAABAAAAAaADAAQAAAABAAAAAQAAAADa6r\/EAAAAC0lEQVQI12NolQQAASYAn89qhTcAAAAASUVORK5CYII=\" data-src=\"https:\/\/www.divagoitalia.it\/wp-content\/uploads\/2021\/06\/Aerre-02176-sc_CA.jpg\" data-srcset=\"https:\/\/www.divagoitalia.it\/wp-content\/uploads\/2021\/06\/Aerre-02176-sc_CA.jpg 925w, https:\/\/www.divagoitalia.it\/wp-content\/uploads\/2021\/06\/Aerre-02176-sc_CA-289x300.jpg 289w, https:\/\/www.divagoitalia.it\/wp-content\/uploads\/2021\/06\/Aerre-02176-sc_CA-768x797.jpg 768w\" data-sizes=\"(max-width: 925px) 100vw, 925px\" alt=\"\" \/>\n\t\t\t\t\t\t\t\t\t\t\t\t\t\t<\/div>\n\t\t\t\t\t\t\t\t\t\t<\/div>\n\t\t\t\t\t\t\t\t<div class=\"container\">\n\t\t\t\t\t<div class=\"row align-items-center\">\n\t\t\t\t\t\t<div class=\"col-lg-6 section-cta__content col-lg-6 offset-lg-6\">\n\t\t\t\t\t\t\t\t\t\t\t\t\t\t\t<header class=\"section-cta__header\">\n\t\t\t\t\t\t\t\t\t\t\t\t\t\t\t\t\t\t\t<h2 >Vous avez besoin d'informations?<\/h2>\n\t\t\t\t\t\t\t\t\t\t\t\t\t\t\t\t\t\t\t\t\t\t\t\t\t\t\t\t<h4 >N'h\u00e9sitez pas \u00e0 nous contacter<\/h4>\n\t\t\t\t\t\t\t\t\t\t\t\t\t\t\t\t\t<\/header>\n\t\t\t\t\t\t\t\t\t\t\t\t\t\t\t\t\t\t\t\t\t\t<div class=\"section-cta__wrapper-button\">\n\t\t\t\t\t\t\t\t\t\t\t\t\t\t\t\t\t\t<a class=\"button button_solid button_accent\" href=\"\/contact\" rel=\"nofollow\"><span >Informations requises<\/span><\/a>\n\t\t\t\t\t\t\t\t<\/div>\n\t\t\t\t\t\t\t\t\t\t\t\t\t<\/div>\n\t\t\t\t\t<\/div>\n\t\t\t\t<\/div>\n\t\t\t<\/div>\n\t\t\t\t\t\t\t<div class=\"section-cta__decor-el-1 d-none d-lg-block\"><\/div>\n\t\t\t\t\t\t\t\t\t\t<div class=\"section-cta__decor-el-2 d-none d-lg-block\"><\/div>\n\t\t\t\t\t\t<div class=\"overlay\"><\/div>\n\t\t<\/div>\n\n\t\t\t\t\t\t<\/div>\n\t\t\t\t<\/div>\n\t\t\t\t\t<\/div>\n\t\t<\/div>\n\t\t\t\t\t<\/div>\n\t\t<\/section>\n\t\t\t\t<\/div>\n\t\t","protected":false},"excerpt":{"rendered":"<p>Fauteuils Des id\u00e9es originales rencontrent des mains habiles et donnent vie \u00e0 des objets de caract\u00e8re, cr\u00e9\u00e9s pour \u00eatre les protagonistes du salon. Cleopatra Dolce Flora Gi\u00f2 Vous avez besoin d&#8217;informations? N&#8217;h\u00e9sitez pas \u00e0 nous contacter Informations requises<\/p>\n","protected":false},"author":1,"featured_media":0,"parent":0,"menu_order":0,"comment_status":"closed","ping_status":"closed","template":"elementor_header_footer","meta":{"footnotes":""},"class_list":["post-3329","page","type-page","status-publish","hentry"],"rttpg_featured_image_url":null,"rttpg_author":{"display_name":"Divago","author_link":"https:\/\/www.divagoitalia.it\/fr\/author\/divago\/"},"rttpg_comment":0,"rttpg_category":" <a href=\"https:\/\/www.divagoitalia.it\/fr\/?taxonomy=translation_priority&#038;term=facultatif\" rel=\"tag\">Facultatif<\/a>","rttpg_excerpt":"Fauteuils Des id\u00e9es originales rencontrent des mains habiles et donnent vie \u00e0 des objets de caract\u00e8re, cr\u00e9\u00e9s pour \u00eatre les protagonistes du salon. Cleopatra Dolce Flora Gi\u00f2 Vous avez besoin d&#8217;informations? N&#8217;h\u00e9sitez pas \u00e0 nous contacter Informations requises","_links":{"self":[{"href":"https:\/\/www.divagoitalia.it\/fr\/wp-json\/wp\/v2\/pages\/3329","targetHints":{"allow":["GET"]}}],"collection":[{"href":"https:\/\/www.divagoitalia.it\/fr\/wp-json\/wp\/v2\/pages"}],"about":[{"href":"https:\/\/www.divagoitalia.it\/fr\/wp-json\/wp\/v2\/types\/page"}],"author":[{"embeddable":true,"href":"https:\/\/www.divagoitalia.it\/fr\/wp-json\/wp\/v2\/users\/1"}],"replies":[{"embeddable":true,"href":"https:\/\/www.divagoitalia.it\/fr\/wp-json\/wp\/v2\/comments?post=3329"}],"version-history":[{"count":9,"href":"https:\/\/www.divagoitalia.it\/fr\/wp-json\/wp\/v2\/pages\/3329\/revisions"}],"predecessor-version":[{"id":3421,"href":"https:\/\/www.divagoitalia.it\/fr\/wp-json\/wp\/v2\/pages\/3329\/revisions\/3421"}],"wp:attachment":[{"href":"https:\/\/www.divagoitalia.it\/fr\/wp-json\/wp\/v2\/media?parent=3329"}],"curies":[{"name":"wp","href":"https:\/\/api.w.org\/{rel}","templated":true}]}}